{"id":8,"date":"2016-06-13T15:09:27","date_gmt":"2016-06-13T13:09:27","guid":{"rendered":"http:\/\/gas-wasser-heizung.eu\/?page_id=8"},"modified":"2016-07-21T07:52:33","modified_gmt":"2016-07-21T05:52:33","slug":"sanitaer","status":"publish","type":"page","link":"https:\/\/gas-wasser-heizung.eu\/webseite_2016\/sanitaer\/","title":{"rendered":"Ihr neues Bad vom Spezialisten aus Aschaffenburg"},"content":{"rendered":"<p>Das Badezimmer ist ein Ort des Wohlf\u00fchlens und Entspannens \u2013 es geht um mehr als nur die M\u00f6glichkeit zu K\u00f6rperpflege. Gemeinsam mit Ihnen planen wir Ihr Wunschbad und setzen es anschlie\u00dfend Ihren Vorstellungen entsprechend um.<br \/>\nOb Whirlpool, Oval- K\u00f6rperformwanne oder Regendusche, wir unterst\u00fctzen Sie bei der Entscheidung und beraten Sie zu unserem breit gef\u00e4cherten Angebot. Alles damit Sie die beste Wahl treffen!<br \/>\nWir zeigen Ihnen M\u00f6glichkeiten zur Umsetzung und stellen Ihnen individuelle Badideen vor.<br \/>\nNichts ist unm\u00f6glich, denn wir leben von neuen Herausforderungen und wollen Ihnen den Traum von der eigenen Wohlf\u00fchloase erf\u00fcllen.<br \/>\nWir garantieren Ihnen eine transparente und faire Kostenermittlung.<br \/>\nGerne erstellen wir Ihnen ein Angebot, das kosteng\u00fcnstig, nachhaltig und energiesparend ist.<\/p>\n<p><strong>Eine Auswahl unserer Leistungen:<\/strong><\/p>\n<ul>\n<li>Wellnessbad<\/li>\n<li>barrierefreies Bad<\/li>\n<li>Mehrgenerationenbad<\/li>\n<li>behindertengerechtes Bad<\/li>\n<li>B\u00e4der auf kleinstem Raum<img loading=\"lazy\" decoding=\"async\" src=\"https:\/\/gas-wasser-heizung.eu\/webseite_2016\/wp-content\/uploads\/wartung-kundendienst-300x185.jpg\" alt=\"Servicetechniker\" width=\"300\" height=\"185\" class=\"alignright size-medium wp-image-138\" srcset=\"https:\/\/gas-wasser-heizung.eu\/webseite_2016\/wp-content\/uploads\/wartung-kundendienst-300x185.jpg 300w, https:\/\/gas-wasser-heizung.eu\/webseite_2016\/wp-content\/uploads\/wartung-kundendienst.jpg 441w\" sizes=\"auto, (max-width: 300px) 100vw, 300px\" \/><\/li>\n<li>Bad als Wohnraum und<\/li>\n<li>Wohlf\u00fchl-Oase<\/li>\n<\/ul>\n<p>Sollten nach vielen Jahren Verschlei\u00dfteile f\u00e4llig sein oder ein Wasserhahn tropfen, rufen Sie uns an. Unser Kundendienst ist immer f\u00fcr Sie da. Nat\u00fcrlich bieten wir Ihnen den gesamten Service auch f\u00fcr Ihre ganze Wohnung. Egal welche Umbauw\u00fcnsche Sie haben, sprechen Sie uns an! Viele unserer Kunden lassen sich zun\u00e4chst ihr Bad von uns neu gestalten. Sp\u00e4ter kommen sie mit dem Wunsch auf uns zu, das eine oder andere auch in der restlichen Wohnung zu ver\u00e4ndern.<\/p>\n","protected":false},"excerpt":{"rendered":"<p>Das Badezimmer ist ein Ort des Wohlf\u00fchlens und Entspannens \u2013 es geht um mehr als nur die M\u00f6glichkeit zu K\u00f6rperpflege. Gemeinsam mit Ihnen planen wir Ihr Wunschbad und setzen es anschlie\u00dfend Ihren Vorstellungen entsprechend um. Ob Whirlpool, Oval- K\u00f6rperformwanne oder Regendusche, wir unterst\u00fctzen Sie bei der Entscheidung und beraten Sie zu unserem breit gef\u00e4cherten Angebot. [&hellip;]<\/p>\n","protected":false},"author":2,"featured_media":136,"parent":0,"menu_order":0,"comment_status":"closed","ping_status":"closed","template":"","meta":{"footnotes":""},"class_list":["post-8","page","type-page","status-publish","has-post-thumbnail","hentry"],"yoast_head":"<!-- This site is optimized with the Yoast SEO plugin v26.7 - https:\/\/yoast.com\/wordpress\/plugins\/seo\/ -->\n<title>Ihr neues Bad vom Spezialisten aus Aschaffenburg -<\/title>\n<meta name=\"robots\" content=\"index, follow, max-snippet:-1, max-image-preview:large, max-video-preview:-1\" \/>\n<link rel=\"canonical\" href=\"https:\/\/gas-wasser-heizung.eu\/webseite_2016\/sanitaer\/\" \/>\n<meta property=\"og:locale\" content=\"de_DE\" \/>\n<meta property=\"og:type\" content=\"article\" \/>\n<meta property=\"og:title\" content=\"Ihr neues Bad vom Spezialisten aus Aschaffenburg -\" \/>\n<meta property=\"og:description\" content=\"Das Badezimmer ist ein Ort des Wohlf\u00fchlens und Entspannens \u2013 es geht um mehr als nur die M\u00f6glichkeit zu K\u00f6rperpflege. Gemeinsam mit Ihnen planen wir Ihr Wunschbad und setzen es anschlie\u00dfend Ihren Vorstellungen entsprechend um. Ob Whirlpool, Oval- K\u00f6rperformwanne oder Regendusche, wir unterst\u00fctzen Sie bei der Entscheidung und beraten Sie zu unserem breit gef\u00e4cherten Angebot. [&hellip;]\" \/>\n<meta property=\"og:url\" content=\"https:\/\/gas-wasser-heizung.eu\/webseite_2016\/sanitaer\/\" \/>\n<meta property=\"article:modified_time\" content=\"2016-07-21T05:52:33+00:00\" \/>\n<meta property=\"og:image\" content=\"https:\/\/gas-wasser-heizung.eu\/webseite_2016\/wp-content\/uploads\/sanitaer.jpg\" \/>\n\t<meta property=\"og:image:width\" content=\"2120\" \/>\n\t<meta property=\"og:image:height\" content=\"763\" \/>\n\t<meta property=\"og:image:type\" content=\"image\/jpeg\" \/>\n<meta name=\"twitter:card\" content=\"summary_large_image\" \/>\n<meta name=\"twitter:label1\" content=\"Gesch\u00e4tzte Lesezeit\" \/>\n\t<meta name=\"twitter:data1\" content=\"1\u00a0Minute\" \/>\n<script type=\"application\/ld+json\" class=\"yoast-schema-graph\">{\"@context\":\"https:\/\/schema.org\",\"@graph\":[{\"@type\":\"WebPage\",\"@id\":\"https:\/\/gas-wasser-heizung.eu\/webseite_2016\/sanitaer\/\",\"url\":\"https:\/\/gas-wasser-heizung.eu\/webseite_2016\/sanitaer\/\",\"name\":\"Ihr neues Bad vom Spezialisten aus Aschaffenburg -\",\"isPartOf\":{\"@id\":\"https:\/\/gas-wasser-heizung.eu\/webseite_2016\/#website\"},\"primaryImageOfPage\":{\"@id\":\"https:\/\/gas-wasser-heizung.eu\/webseite_2016\/sanitaer\/#primaryimage\"},\"image\":{\"@id\":\"https:\/\/gas-wasser-heizung.eu\/webseite_2016\/sanitaer\/#primaryimage\"},\"thumbnailUrl\":\"https:\/\/gas-wasser-heizung.eu\/webseite_2016\/wp-content\/uploads\/sanitaer.jpg\",\"datePublished\":\"2016-06-13T13:09:27+00:00\",\"dateModified\":\"2016-07-21T05:52:33+00:00\",\"inLanguage\":\"de\",\"potentialAction\":[{\"@type\":\"ReadAction\",\"target\":[\"https:\/\/gas-wasser-heizung.eu\/webseite_2016\/sanitaer\/\"]}]},{\"@type\":\"ImageObject\",\"inLanguage\":\"de\",\"@id\":\"https:\/\/gas-wasser-heizung.eu\/webseite_2016\/sanitaer\/#primaryimage\",\"url\":\"https:\/\/gas-wasser-heizung.eu\/webseite_2016\/wp-content\/uploads\/sanitaer.jpg\",\"contentUrl\":\"https:\/\/gas-wasser-heizung.eu\/webseite_2016\/wp-content\/uploads\/sanitaer.jpg\",\"width\":2120,\"height\":763,\"caption\":\"Sanit\u00e4r\"},{\"@type\":\"WebSite\",\"@id\":\"https:\/\/gas-wasser-heizung.eu\/webseite_2016\/#website\",\"url\":\"https:\/\/gas-wasser-heizung.eu\/webseite_2016\/\",\"name\":\"\",\"description\":\"\",\"potentialAction\":[{\"@type\":\"SearchAction\",\"target\":{\"@type\":\"EntryPoint\",\"urlTemplate\":\"https:\/\/gas-wasser-heizung.eu\/webseite_2016\/?s={search_term_string}\"},\"query-input\":{\"@type\":\"PropertyValueSpecification\",\"valueRequired\":true,\"valueName\":\"search_term_string\"}}],\"inLanguage\":\"de\"}]}<\/script>\n<!-- \/ Yoast SEO plugin. -->","yoast_head_json":{"title":"Ihr neues Bad vom Spezialisten aus Aschaffenburg -","robots":{"index":"index","follow":"follow","max-snippet":"max-snippet:-1","max-image-preview":"max-image-preview:large","max-video-preview":"max-video-preview:-1"},"canonical":"https:\/\/gas-wasser-heizung.eu\/webseite_2016\/sanitaer\/","og_locale":"de_DE","og_type":"article","og_title":"Ihr neues Bad vom Spezialisten aus Aschaffenburg -","og_description":"Das Badezimmer ist ein Ort des Wohlf\u00fchlens und Entspannens \u2013 es geht um mehr als nur die M\u00f6glichkeit zu K\u00f6rperpflege. Gemeinsam mit Ihnen planen wir Ihr Wunschbad und setzen es anschlie\u00dfend Ihren Vorstellungen entsprechend um. Ob Whirlpool, Oval- K\u00f6rperformwanne oder Regendusche, wir unterst\u00fctzen Sie bei der Entscheidung und beraten Sie zu unserem breit gef\u00e4cherten Angebot. [&hellip;]","og_url":"https:\/\/gas-wasser-heizung.eu\/webseite_2016\/sanitaer\/","article_modified_time":"2016-07-21T05:52:33+00:00","og_image":[{"width":2120,"height":763,"url":"https:\/\/gas-wasser-heizung.eu\/webseite_2016\/wp-content\/uploads\/sanitaer.jpg","type":"image\/jpeg"}],"twitter_card":"summary_large_image","twitter_misc":{"Gesch\u00e4tzte Lesezeit":"1\u00a0Minute"},"schema":{"@context":"https:\/\/schema.org","@graph":[{"@type":"WebPage","@id":"https:\/\/gas-wasser-heizung.eu\/webseite_2016\/sanitaer\/","url":"https:\/\/gas-wasser-heizung.eu\/webseite_2016\/sanitaer\/","name":"Ihr neues Bad vom Spezialisten aus Aschaffenburg -","isPartOf":{"@id":"https:\/\/gas-wasser-heizung.eu\/webseite_2016\/#website"},"primaryImageOfPage":{"@id":"https:\/\/gas-wasser-heizung.eu\/webseite_2016\/sanitaer\/#primaryimage"},"image":{"@id":"https:\/\/gas-wasser-heizung.eu\/webseite_2016\/sanitaer\/#primaryimage"},"thumbnailUrl":"https:\/\/gas-wasser-heizung.eu\/webseite_2016\/wp-content\/uploads\/sanitaer.jpg","datePublished":"2016-06-13T13:09:27+00:00","dateModified":"2016-07-21T05:52:33+00:00","inLanguage":"de","potentialAction":[{"@type":"ReadAction","target":["https:\/\/gas-wasser-heizung.eu\/webseite_2016\/sanitaer\/"]}]},{"@type":"ImageObject","inLanguage":"de","@id":"https:\/\/gas-wasser-heizung.eu\/webseite_2016\/sanitaer\/#primaryimage","url":"https:\/\/gas-wasser-heizung.eu\/webseite_2016\/wp-content\/uploads\/sanitaer.jpg","contentUrl":"https:\/\/gas-wasser-heizung.eu\/webseite_2016\/wp-content\/uploads\/sanitaer.jpg","width":2120,"height":763,"caption":"Sanit\u00e4r"},{"@type":"WebSite","@id":"https:\/\/gas-wasser-heizung.eu\/webseite_2016\/#website","url":"https:\/\/gas-wasser-heizung.eu\/webseite_2016\/","name":"","description":"","potentialAction":[{"@type":"SearchAction","target":{"@type":"EntryPoint","urlTemplate":"https:\/\/gas-wasser-heizung.eu\/webseite_2016\/?s={search_term_string}"},"query-input":{"@type":"PropertyValueSpecification","valueRequired":true,"valueName":"search_term_string"}}],"inLanguage":"de"}]}},"_links":{"self":[{"href":"https:\/\/gas-wasser-heizung.eu\/webseite_2016\/wp-json\/wp\/v2\/pages\/8","targetHints":{"allow":["GET"]}}],"collection":[{"href":"https:\/\/gas-wasser-heizung.eu\/webseite_2016\/wp-json\/wp\/v2\/pages"}],"about":[{"href":"https:\/\/gas-wasser-heizung.eu\/webseite_2016\/wp-json\/wp\/v2\/types\/page"}],"author":[{"embeddable":true,"href":"https:\/\/gas-wasser-heizung.eu\/webseite_2016\/wp-json\/wp\/v2\/users\/2"}],"replies":[{"embeddable":true,"href":"https:\/\/gas-wasser-heizung.eu\/webseite_2016\/wp-json\/wp\/v2\/comments?post=8"}],"version-history":[{"count":0,"href":"https:\/\/gas-wasser-heizung.eu\/webseite_2016\/wp-json\/wp\/v2\/pages\/8\/revisions"}],"wp:featuredmedia":[{"embeddable":true,"href":"https:\/\/gas-wasser-heizung.eu\/webseite_2016\/wp-json\/wp\/v2\/media\/136"}],"wp:attachment":[{"href":"https:\/\/gas-wasser-heizung.eu\/webseite_2016\/wp-json\/wp\/v2\/media?parent=8"}],"curies":[{"name":"wp","href":"https:\/\/api.w.org\/{rel}","templated":true}]}}