{"id":2,"date":"2016-06-09T10:36:48","date_gmt":"2016-06-09T08:36:48","guid":{"rendered":"http:\/\/gas-wasser-heizung.eu\/?page_id=2"},"modified":"2016-07-19T12:22:34","modified_gmt":"2016-07-19T10:22:34","slug":"beispiel-seite","status":"publish","type":"page","link":"https:\/\/gas-wasser-heizung.eu\/webseite_2016\/","title":{"rendered":"Startseite"},"content":{"rendered":"<h2>Profitieren Sie von unserer langj\u00e4hrigen Erfahrung<\/h2>\n<p>Unser Meisterbetrieb ist der zuverl\u00e4ssige Partner rund um Heizung, Sanit\u00e4r, Solar und Haustechnik. Ob Gas- und Wasserinstallationen oder Reparaturen, auf uns ist Verlass \u2013 von der Planung bis zur fachgerechten Ausf\u00fchrung s\u00e4mtlicher Arbeiten. Sowohl private Hausbesitzer als auch Unternehmen und \u00f6ffentliche Auftraggeber finden in unserem Fachbetrieb einen kompetenten Spezialisten, wenn es um Installationen im Bereich Sanit\u00e4r und Heizung geht.<\/p>\n<h3>Fach- und Termingerechte Ausf\u00fchrung in Meisterqualit\u00e4t<\/h3>\n<p>Ob Neubau, Modernisierungs- oder Sanierungsma\u00dfnahmen, wir sind zur Stelle f\u00fcr die Neuinstallation von Gas- und Wassersystemen \u00fcber Wartungs- und Reparaturarbeiten bis zur professionellen Rohrreinigung.<br \/>\nWir pr\u00e4sentieren wir Ihnen gerne die neueste Technik im Bereich moderner Heizungsanlagen und Solaranlagen, stehen aber auch f\u00fcr Klempnerarbeiten sowie die Instandhaltung von Sanit\u00e4ranlagen zur Verf\u00fcgung.<\/p>\n<h3>Unsere Leistungen im \u00dcberblick:<\/h3>\n<p>\u2022 Reparaturen und Wartung<br \/>\n\u2022 Gas- und Wasserinstallation<br \/>\n\u2022 Bad Sanierung<br \/>\n\u2022 Professionelle Rohrreinigung<br \/>\n\u2022 Instandhaltung sanit\u00e4rer Anlagen<br \/>\n\u2022 Klempnerarbeiten<\/p>\n<p>Wir f\u00fchren gerne eine Beratung vor Ort durch, um Sie ausf\u00fchrlich zu informieren.<\/p>\n<p>Rufen Sie uns einfach oder nehmen <a href=\"https:\/\/gas-wasser-heizung.eu\/webseite_2016\/kontakt\/\">Kontakt<\/a> auf!<\/p>\n<p>Wir freuen uns auf Sie!<\/p>\n","protected":false},"excerpt":{"rendered":"<p>Profitieren Sie von unserer langj\u00e4hrigen Erfahrung Unser Meisterbetrieb ist der zuverl\u00e4ssige Partner rund um Heizung, Sanit\u00e4r, Solar und Haustechnik. Ob Gas- und Wasserinstallationen oder Reparaturen, auf uns ist Verlass \u2013 von der Planung bis zur fachgerechten Ausf\u00fchrung s\u00e4mtlicher Arbeiten. Sowohl private Hausbesitzer als auch Unternehmen und \u00f6ffentliche Auftraggeber finden in unserem Fachbetrieb einen kompetenten Spezialisten, [&hellip;]<\/p>\n","protected":false},"author":3,"featured_media":50,"parent":0,"menu_order":0,"comment_status":"closed","ping_status":"open","template":"","meta":{"footnotes":""},"class_list":["post-2","page","type-page","status-publish","has-post-thumbnail","hentry"],"yoast_head":"<!-- This site is optimized with the Yoast SEO plugin v26.7 - https:\/\/yoast.com\/wordpress\/plugins\/seo\/ -->\n<title>Startseite -<\/title>\n<meta name=\"robots\" content=\"index, follow, max-snippet:-1, max-image-preview:large, max-video-preview:-1\" \/>\n<link rel=\"canonical\" href=\"https:\/\/gas-wasser-heizung.eu\/webseite_2016\/\" \/>\n<meta property=\"og:locale\" content=\"de_DE\" \/>\n<meta property=\"og:type\" content=\"article\" \/>\n<meta property=\"og:title\" content=\"Startseite -\" \/>\n<meta property=\"og:description\" content=\"Profitieren Sie von unserer langj\u00e4hrigen Erfahrung Unser Meisterbetrieb ist der zuverl\u00e4ssige Partner rund um Heizung, Sanit\u00e4r, Solar und Haustechnik. Ob Gas- und Wasserinstallationen oder Reparaturen, auf uns ist Verlass \u2013 von der Planung bis zur fachgerechten Ausf\u00fchrung s\u00e4mtlicher Arbeiten. Sowohl private Hausbesitzer als auch Unternehmen und \u00f6ffentliche Auftraggeber finden in unserem Fachbetrieb einen kompetenten Spezialisten, [&hellip;]\" \/>\n<meta property=\"og:url\" content=\"https:\/\/gas-wasser-heizung.eu\/webseite_2016\/\" \/>\n<meta property=\"article:modified_time\" content=\"2016-07-19T10:22:34+00:00\" \/>\n<meta property=\"og:image\" content=\"https:\/\/gas-wasser-heizung.eu\/webseite_2016\/wp-content\/uploads\/energieeffizienzhaus.jpg\" \/>\n\t<meta property=\"og:image:width\" content=\"1744\" \/>\n\t<meta property=\"og:image:height\" content=\"628\" \/>\n\t<meta property=\"og:image:type\" content=\"image\/jpeg\" \/>\n<meta name=\"twitter:card\" content=\"summary_large_image\" \/>\n<meta name=\"twitter:label1\" content=\"Gesch\u00e4tzte Lesezeit\" \/>\n\t<meta name=\"twitter:data1\" content=\"1\u00a0Minute\" \/>\n<script type=\"application\/ld+json\" class=\"yoast-schema-graph\">{\"@context\":\"https:\/\/schema.org\",\"@graph\":[{\"@type\":\"WebPage\",\"@id\":\"https:\/\/gas-wasser-heizung.eu\/webseite_2016\/\",\"url\":\"https:\/\/gas-wasser-heizung.eu\/webseite_2016\/\",\"name\":\"Startseite -\",\"isPartOf\":{\"@id\":\"https:\/\/gas-wasser-heizung.eu\/webseite_2016\/#website\"},\"primaryImageOfPage\":{\"@id\":\"https:\/\/gas-wasser-heizung.eu\/webseite_2016\/#primaryimage\"},\"image\":{\"@id\":\"https:\/\/gas-wasser-heizung.eu\/webseite_2016\/#primaryimage\"},\"thumbnailUrl\":\"https:\/\/gas-wasser-heizung.eu\/webseite_2016\/wp-content\/uploads\/energieeffizienzhaus.jpg\",\"datePublished\":\"2016-06-09T08:36:48+00:00\",\"dateModified\":\"2016-07-19T10:22:34+00:00\",\"inLanguage\":\"de\",\"potentialAction\":[{\"@type\":\"ReadAction\",\"target\":[\"https:\/\/gas-wasser-heizung.eu\/webseite_2016\/\"]}]},{\"@type\":\"ImageObject\",\"inLanguage\":\"de\",\"@id\":\"https:\/\/gas-wasser-heizung.eu\/webseite_2016\/#primaryimage\",\"url\":\"https:\/\/gas-wasser-heizung.eu\/webseite_2016\/wp-content\/uploads\/energieeffizienzhaus.jpg\",\"contentUrl\":\"https:\/\/gas-wasser-heizung.eu\/webseite_2016\/wp-content\/uploads\/energieeffizienzhaus.jpg\",\"width\":1744,\"height\":628,\"caption\":\"Energieeffizienzhaus\"},{\"@type\":\"WebSite\",\"@id\":\"https:\/\/gas-wasser-heizung.eu\/webseite_2016\/#website\",\"url\":\"https:\/\/gas-wasser-heizung.eu\/webseite_2016\/\",\"name\":\"\",\"description\":\"\",\"potentialAction\":[{\"@type\":\"SearchAction\",\"target\":{\"@type\":\"EntryPoint\",\"urlTemplate\":\"https:\/\/gas-wasser-heizung.eu\/webseite_2016\/?s={search_term_string}\"},\"query-input\":{\"@type\":\"PropertyValueSpecification\",\"valueRequired\":true,\"valueName\":\"search_term_string\"}}],\"inLanguage\":\"de\"}]}<\/script>\n<!-- \/ Yoast SEO plugin. -->","yoast_head_json":{"title":"Startseite -","robots":{"index":"index","follow":"follow","max-snippet":"max-snippet:-1","max-image-preview":"max-image-preview:large","max-video-preview":"max-video-preview:-1"},"canonical":"https:\/\/gas-wasser-heizung.eu\/webseite_2016\/","og_locale":"de_DE","og_type":"article","og_title":"Startseite -","og_description":"Profitieren Sie von unserer langj\u00e4hrigen Erfahrung Unser Meisterbetrieb ist der zuverl\u00e4ssige Partner rund um Heizung, Sanit\u00e4r, Solar und Haustechnik. Ob Gas- und Wasserinstallationen oder Reparaturen, auf uns ist Verlass \u2013 von der Planung bis zur fachgerechten Ausf\u00fchrung s\u00e4mtlicher Arbeiten. Sowohl private Hausbesitzer als auch Unternehmen und \u00f6ffentliche Auftraggeber finden in unserem Fachbetrieb einen kompetenten Spezialisten, [&hellip;]","og_url":"https:\/\/gas-wasser-heizung.eu\/webseite_2016\/","article_modified_time":"2016-07-19T10:22:34+00:00","og_image":[{"width":1744,"height":628,"url":"https:\/\/gas-wasser-heizung.eu\/webseite_2016\/wp-content\/uploads\/energieeffizienzhaus.jpg","type":"image\/jpeg"}],"twitter_card":"summary_large_image","twitter_misc":{"Gesch\u00e4tzte Lesezeit":"1\u00a0Minute"},"schema":{"@context":"https:\/\/schema.org","@graph":[{"@type":"WebPage","@id":"https:\/\/gas-wasser-heizung.eu\/webseite_2016\/","url":"https:\/\/gas-wasser-heizung.eu\/webseite_2016\/","name":"Startseite -","isPartOf":{"@id":"https:\/\/gas-wasser-heizung.eu\/webseite_2016\/#website"},"primaryImageOfPage":{"@id":"https:\/\/gas-wasser-heizung.eu\/webseite_2016\/#primaryimage"},"image":{"@id":"https:\/\/gas-wasser-heizung.eu\/webseite_2016\/#primaryimage"},"thumbnailUrl":"https:\/\/gas-wasser-heizung.eu\/webseite_2016\/wp-content\/uploads\/energieeffizienzhaus.jpg","datePublished":"2016-06-09T08:36:48+00:00","dateModified":"2016-07-19T10:22:34+00:00","inLanguage":"de","potentialAction":[{"@type":"ReadAction","target":["https:\/\/gas-wasser-heizung.eu\/webseite_2016\/"]}]},{"@type":"ImageObject","inLanguage":"de","@id":"https:\/\/gas-wasser-heizung.eu\/webseite_2016\/#primaryimage","url":"https:\/\/gas-wasser-heizung.eu\/webseite_2016\/wp-content\/uploads\/energieeffizienzhaus.jpg","contentUrl":"https:\/\/gas-wasser-heizung.eu\/webseite_2016\/wp-content\/uploads\/energieeffizienzhaus.jpg","width":1744,"height":628,"caption":"Energieeffizienzhaus"},{"@type":"WebSite","@id":"https:\/\/gas-wasser-heizung.eu\/webseite_2016\/#website","url":"https:\/\/gas-wasser-heizung.eu\/webseite_2016\/","name":"","description":"","potentialAction":[{"@type":"SearchAction","target":{"@type":"EntryPoint","urlTemplate":"https:\/\/gas-wasser-heizung.eu\/webseite_2016\/?s={search_term_string}"},"query-input":{"@type":"PropertyValueSpecification","valueRequired":true,"valueName":"search_term_string"}}],"inLanguage":"de"}]}},"_links":{"self":[{"href":"https:\/\/gas-wasser-heizung.eu\/webseite_2016\/wp-json\/wp\/v2\/pages\/2","targetHints":{"allow":["GET"]}}],"collection":[{"href":"https:\/\/gas-wasser-heizung.eu\/webseite_2016\/wp-json\/wp\/v2\/pages"}],"about":[{"href":"https:\/\/gas-wasser-heizung.eu\/webseite_2016\/wp-json\/wp\/v2\/types\/page"}],"author":[{"embeddable":true,"href":"https:\/\/gas-wasser-heizung.eu\/webseite_2016\/wp-json\/wp\/v2\/users\/3"}],"replies":[{"embeddable":true,"href":"https:\/\/gas-wasser-heizung.eu\/webseite_2016\/wp-json\/wp\/v2\/comments?post=2"}],"version-history":[{"count":0,"href":"https:\/\/gas-wasser-heizung.eu\/webseite_2016\/wp-json\/wp\/v2\/pages\/2\/revisions"}],"wp:featuredmedia":[{"embeddable":true,"href":"https:\/\/gas-wasser-heizung.eu\/webseite_2016\/wp-json\/wp\/v2\/media\/50"}],"wp:attachment":[{"href":"https:\/\/gas-wasser-heizung.eu\/webseite_2016\/wp-json\/wp\/v2\/media?parent=2"}],"curies":[{"name":"wp","href":"https:\/\/api.w.org\/{rel}","templated":true}]}}