{"id":19,"date":"2016-06-13T15:22:19","date_gmt":"2016-06-13T13:22:19","guid":{"rendered":"http:\/\/gas-wasser-heizung.eu\/?page_id=19"},"modified":"2020-01-20T08:18:00","modified_gmt":"2020-01-20T07:18:00","slug":"impressum","status":"publish","type":"page","link":"https:\/\/gas-wasser-heizung.eu\/webseite_2016\/impressum\/","title":{"rendered":"Impressum"},"content":{"rendered":"<h4>Gewerbeerlaubnis erteilt durch die Handwerkskammer f\u00fcr Unterfranken, Rennweger Ring 3, 97070 W\u00fcrzburg, Betriebs-Nr. 1309655 Umsatzsteuer-Identifikationsnummer DE 175090994<\/h4>\n<p>&nbsp;<\/p>\n<h3>Design, Konzeption und technische Umsetzung:<\/h3>\n<p>Bryan Bastian <a title=\"Link in neuem Fenster zu mc-web.eu\" href=\"http:\/\/mc-web.eu\/\" target=\"_blank\" rel=\"noopener\">mc-web.eu<\/a>, Katharina Mann <a title=\"Link in neuem Fenster zu helicidae.de\" href=\"http:\/\/helicidae.de\/\" target=\"_blank\" rel=\"noopener\">helicidae.de<\/a><\/p>\n<article>\n<h3>Haftungsausschluss \u2013 Disclaimer<\/h3>\n<p>Die Inhalte unserer Seiten wurden mit gr\u00f6\u00dfter Sorgfalt erstellt. F\u00fcr die Richtigkeit, Vollst\u00e4ndigkeit und Aktualit\u00e4t der Inhalte k\u00f6nnen wir jedoch keine Gew\u00e4hr \u00fcbernehmen. Als Dienstanbieter sind wir gem\u00e4\u00df \u00a7 7 Abs.1 TMG f\u00fcr eigene Inhalte auf diesen Seiten nach den allgemeinen Gesetzen verantwortlich. Nach \u00a7\u00a7 8 bis 10 TMG sind wir als Dienstanbieter jedoch nicht verpflichtet, \u00fcbermittelte oder gespeicherte fremde Informationen zu \u00fcberwachen oder nach Umst\u00e4nden zu forschen, die auf eine rechtswidrige T\u00e4tigkeit hinweisen. Verpflichtungen zur Entfernung oder Sperrung der Nutzung von Informationen nach den allgemeinen Gesetzen bleiben hiervon unber\u00fchrt. Eine diesbez\u00fcgliche Haftung ist jedoch erst ab dem Zeitpunkt der Kenntnis einer konkreten Rechtsverletzung m\u00f6glich. Bei Bekanntwerden von entsprechenden Rechtsverletzungen werden wir diese Inhalte umgehend entfernen.<\/p>\n<h3>Haftung f\u00fcr Links<\/h3>\n<p>Unser Angebot enth\u00e4lt Links zu externen Webseiten Dritter, auf deren Inhalte wir keinen Einfluss haben. Deshalb k\u00f6nnen wir f\u00fcr diese fremden Inhalte auch keine Gew\u00e4hr \u00fcbernehmen. F\u00fcr die Inhalte der verlinkten Seiten ist stets der jeweilige Anbieter oder Betreiber der Seiten verantwortlich. Die verlinkten Seiten wurden zum Zeitpunkt der Verlinkung auf m\u00f6gliche Rechtsverst\u00f6\u00dfe \u00fcberpr\u00fcft. Rechtswidrige Inhalte waren zum Zeitpunkt der Verlinkung nicht erkennbar. Eine permanente inhaltliche Kontrolle der verlinkten Seiten ist jedoch ohne konkrete Anhaltspunkte einer Rechtsverletzung nicht zumutbar. Bei Bekanntwerden von Rechtsverletzungen werden wir derartige Links umgehend entfernen.<\/p>\n<h3>Urheberrecht<\/h3>\n<p>Die durch die Seitenbetreiber erstellten Inhalte und Werke auf diesen Seiten unterliegen dem deutschen Urheberrecht. Die Vervielf\u00e4ltigung, Bearbeitung, Verbreitung und jede Art der Verwertung au\u00dferhalb der Grenzen des Urheberrechtes bed\u00fcrfen der schriftlichen Zustimmung des jeweiligen Autors bzw. Erstellers. Downloads und Kopien dieser Seite sind nur f\u00fcr den privaten, nicht kommerziellen Gebrauch gestattet. Soweit die Inhalte auf dieser Seite nicht vom Betreiber erstellt wurden, werden die Urheberrechte Dritter beachtet. Insbesondere werden Inhalte Dritter als solche gekennzeichnet. Sollten Sie trotzdem auf eine Urheberrechtsverletzung aufmerksam werden, bitten wir um einen entsprechenden Hinweis. Bei Bekanntwerden von Rechtsverletzungen werden wir derartige Inhalte umgehend entfernen.<\/p>\n<h3>Datenschutz<\/h3>\n<p>Die Nutzung unserer Webseite ist in der Regel ohne Angabe personenbezogener Daten m\u00f6glich. Soweit auf unseren Seiten personenbezogene Daten (beispielsweise Name, Anschrift oder eMail-Adressen) erhoben werden, erfolgt dies, soweit m\u00f6glich, stets auf freiwilliger Basis. Diese Daten werden ohne Ihre ausdr\u00fcckliche Zustimmung nicht an Dritte weitergegeben.<\/p>\n<p>Wir weisen darauf hin, dass die Daten\u00fcbertragung im Internet (z.B. bei der Kommunikation per E-Mail) Sicherheitsl\u00fccken aufweisen kann. Ein l\u00fcckenloser Schutz der Daten vor dem Zugriff durch Dritte ist nicht m\u00f6glich.<\/p>\n<p>Der Nutzung von im Rahmen der Impressumspflicht ver\u00f6ffentlichten Kontaktdaten durch Dritte zur \u00dcbersendung von nicht ausdr\u00fccklich angeforderter Werbung und Informationsmaterialien wird hiermit ausdr\u00fccklich widersprochen. Die Betreiber der Seiten behalten sich ausdr\u00fccklich rechtliche Schritte im Falle der unverlangten Zusendung von Werbeinformationen, etwa durch Spam-Mails, vor.<\/p>\n<h3>Datenschutzhinweis Google Analytics<\/h3>\n<p>Diese Website benutzt Google Analytics, einen Webanalysedienst der Google Inc. (\u201eGoogle\u201c). Google Analytics verwendet sog. \u201eCookies\u201c, Textdateien, die auf Ihrem Computer gespeichert werden und die eine Analyse der Benutzung der Website durch Sie erm\u00f6glichen. Die durch den Cookie erzeugten Informationen \u00fcber Ihre Benutzung dieser Website werden in der Regel an einen Server von Google in den USA \u00fcbertragen und dort gespeichert. Im Falle der Aktivierung der IP-Anonymisierung auf dieser Webseite, wird Ihre IP-Adresse von Google jedoch innerhalb von Mitgliedstaaten der Europ\u00e4ischen Union oder in anderen Vertragsstaaten des Abkommens \u00fcber den Europ\u00e4ischen Wirtschaftsraum zuvor gek\u00fcrzt. Nur in Ausnahmef\u00e4llen wird die volle IP-Adresse an einen Server von Google in den USA \u00fcbertragen und dort gek\u00fcrzt. Im Auftrag des Betreibers dieser Website wird Google diese Informationen benutzen, um Ihre Nutzung der Website auszuwerten, um Reports \u00fcber die Websiteaktivit\u00e4ten zusammenzustellen und um weitere mit der Websitenutzung und der Internetnutzung verbundene Dienstleistungen gegen\u00fcber dem Websitebetreiber zu erbringen. Die im Rahmen von Google Analytics von Ihrem Browser \u00fcbermittelte IP-Adresse wird nicht mit anderen Daten von Google zusammengef\u00fchrt.<\/p>\n<p>Sie k\u00f6nnen die Erfassung durch Google Analytics verhindern, indem Sie auf folgenden Link klicken. Es wird ein Opt-Out-Cookie gesetzt, der die zuk\u00fcnftige Erfassung Ihrer Daten beim Besuch dieser Website verhindert: <a href=\"http:\/\/tools.google.com\/dlpage\/gaoptout?hl=de\">Google Analytics deaktivieren<\/a><br \/>\nQuelle: eRecht24.de \u2013 Internetrecht von Rechtsanwalt S\u00f6ren Siebert<\/p>\n<\/article>\n<p>Die auf dieser Seite verwendeten Produktbezeichnungen, Namen und Warenzeichen sind Eigentum der jeweiligen Firmen.<\/p>\n<p>Alle Preise inkl. 19% MwSt.<\/p>\n<h3>Bildnachweis<\/h3>\n<p><a href=\"http:\/\/www.fotolia.com\">Fotolia.com<\/a><\/p>\n<p>24049631 \u00a9 arahan<br \/>\n95369009 \u00a9 arsdigital<br \/>\n94253989 \u00a9 arsdigital<br \/>\n112133011 \u00a9 JackF<br \/>\n109919623 \u00a9 arsdigital<\/p>\n<p>Startseite: Icons f\u00fcr Heizung, Sanit\u00e4r und Solar von <a title=\"Freepik\" href=\"http:\/\/www.freepik.com\">Freepik<\/a> \/ <a title=\"Flaticon\" href=\"http:\/\/www.flaticon.com\">www.flaticon.com<\/a> unter CC-Lizenz <a title=\"Creative Commons BY 3.0\" href=\"http:\/\/creativecommons.org\/licenses\/by\/3.0\/\" target=\"_blank\" rel=\"noopener\">CC 3.0 BY<\/a><\/p>\n","protected":false},"excerpt":{"rendered":"<p>Gewerbeerlaubnis erteilt durch die Handwerkskammer f\u00fcr Unterfranken, Rennweger Ring 3, 97070 W\u00fcrzburg, Betriebs-Nr. 1309655 Umsatzsteuer-Identifikationsnummer DE 175090994 &nbsp; Design, Konzeption und technische Umsetzung: Bryan Bastian mc-web.eu, Katharina Mann helicidae.de Haftungsausschluss \u2013 Disclaimer Die Inhalte unserer Seiten wurden mit gr\u00f6\u00dfter Sorgfalt erstellt. F\u00fcr die Richtigkeit, Vollst\u00e4ndigkeit und Aktualit\u00e4t der Inhalte k\u00f6nnen wir jedoch keine Gew\u00e4hr \u00fcbernehmen. [&hellip;]<\/p>\n","protected":false},"author":2,"featured_media":0,"parent":0,"menu_order":0,"comment_status":"closed","ping_status":"closed","template":"page-kontakt.php","meta":{"footnotes":""},"class_list":["post-19","page","type-page","status-publish","hentry"],"yoast_head":"<!-- This site is optimized with the Yoast SEO plugin v26.7 - https:\/\/yoast.com\/wordpress\/plugins\/seo\/ -->\n<title>Impressum -<\/title>\n<meta name=\"robots\" content=\"index, follow, max-snippet:-1, max-image-preview:large, max-video-preview:-1\" \/>\n<link rel=\"canonical\" href=\"https:\/\/gas-wasser-heizung.eu\/webseite_2016\/impressum\/\" \/>\n<meta property=\"og:locale\" content=\"de_DE\" \/>\n<meta property=\"og:type\" content=\"article\" \/>\n<meta property=\"og:title\" content=\"Impressum -\" \/>\n<meta property=\"og:description\" content=\"Gewerbeerlaubnis erteilt durch die Handwerkskammer f\u00fcr Unterfranken, Rennweger Ring 3, 97070 W\u00fcrzburg, Betriebs-Nr. 1309655 Umsatzsteuer-Identifikationsnummer DE 175090994 &nbsp; Design, Konzeption und technische Umsetzung: Bryan Bastian mc-web.eu, Katharina Mann helicidae.de Haftungsausschluss \u2013 Disclaimer Die Inhalte unserer Seiten wurden mit gr\u00f6\u00dfter Sorgfalt erstellt. F\u00fcr die Richtigkeit, Vollst\u00e4ndigkeit und Aktualit\u00e4t der Inhalte k\u00f6nnen wir jedoch keine Gew\u00e4hr \u00fcbernehmen. [&hellip;]\" \/>\n<meta property=\"og:url\" content=\"https:\/\/gas-wasser-heizung.eu\/webseite_2016\/impressum\/\" \/>\n<meta property=\"article:modified_time\" content=\"2020-01-20T07:18:00+00:00\" \/>\n<meta name=\"twitter:card\" content=\"summary_large_image\" \/>\n<meta name=\"twitter:label1\" content=\"Gesch\u00e4tzte Lesezeit\" \/>\n\t<meta name=\"twitter:data1\" content=\"4\u00a0Minuten\" \/>\n<script type=\"application\/ld+json\" class=\"yoast-schema-graph\">{\"@context\":\"https:\/\/schema.org\",\"@graph\":[{\"@type\":\"WebPage\",\"@id\":\"https:\/\/gas-wasser-heizung.eu\/webseite_2016\/impressum\/\",\"url\":\"https:\/\/gas-wasser-heizung.eu\/webseite_2016\/impressum\/\",\"name\":\"Impressum -\",\"isPartOf\":{\"@id\":\"https:\/\/gas-wasser-heizung.eu\/webseite_2016\/#website\"},\"datePublished\":\"2016-06-13T13:22:19+00:00\",\"dateModified\":\"2020-01-20T07:18:00+00:00\",\"inLanguage\":\"de\",\"potentialAction\":[{\"@type\":\"ReadAction\",\"target\":[\"https:\/\/gas-wasser-heizung.eu\/webseite_2016\/impressum\/\"]}]},{\"@type\":\"WebSite\",\"@id\":\"https:\/\/gas-wasser-heizung.eu\/webseite_2016\/#website\",\"url\":\"https:\/\/gas-wasser-heizung.eu\/webseite_2016\/\",\"name\":\"\",\"description\":\"\",\"potentialAction\":[{\"@type\":\"SearchAction\",\"target\":{\"@type\":\"EntryPoint\",\"urlTemplate\":\"https:\/\/gas-wasser-heizung.eu\/webseite_2016\/?s={search_term_string}\"},\"query-input\":{\"@type\":\"PropertyValueSpecification\",\"valueRequired\":true,\"valueName\":\"search_term_string\"}}],\"inLanguage\":\"de\"}]}<\/script>\n<!-- \/ Yoast SEO plugin. -->","yoast_head_json":{"title":"Impressum -","robots":{"index":"index","follow":"follow","max-snippet":"max-snippet:-1","max-image-preview":"max-image-preview:large","max-video-preview":"max-video-preview:-1"},"canonical":"https:\/\/gas-wasser-heizung.eu\/webseite_2016\/impressum\/","og_locale":"de_DE","og_type":"article","og_title":"Impressum -","og_description":"Gewerbeerlaubnis erteilt durch die Handwerkskammer f\u00fcr Unterfranken, Rennweger Ring 3, 97070 W\u00fcrzburg, Betriebs-Nr. 1309655 Umsatzsteuer-Identifikationsnummer DE 175090994 &nbsp; Design, Konzeption und technische Umsetzung: Bryan Bastian mc-web.eu, Katharina Mann helicidae.de Haftungsausschluss \u2013 Disclaimer Die Inhalte unserer Seiten wurden mit gr\u00f6\u00dfter Sorgfalt erstellt. F\u00fcr die Richtigkeit, Vollst\u00e4ndigkeit und Aktualit\u00e4t der Inhalte k\u00f6nnen wir jedoch keine Gew\u00e4hr \u00fcbernehmen. [&hellip;]","og_url":"https:\/\/gas-wasser-heizung.eu\/webseite_2016\/impressum\/","article_modified_time":"2020-01-20T07:18:00+00:00","twitter_card":"summary_large_image","twitter_misc":{"Gesch\u00e4tzte Lesezeit":"4\u00a0Minuten"},"schema":{"@context":"https:\/\/schema.org","@graph":[{"@type":"WebPage","@id":"https:\/\/gas-wasser-heizung.eu\/webseite_2016\/impressum\/","url":"https:\/\/gas-wasser-heizung.eu\/webseite_2016\/impressum\/","name":"Impressum -","isPartOf":{"@id":"https:\/\/gas-wasser-heizung.eu\/webseite_2016\/#website"},"datePublished":"2016-06-13T13:22:19+00:00","dateModified":"2020-01-20T07:18:00+00:00","inLanguage":"de","potentialAction":[{"@type":"ReadAction","target":["https:\/\/gas-wasser-heizung.eu\/webseite_2016\/impressum\/"]}]},{"@type":"WebSite","@id":"https:\/\/gas-wasser-heizung.eu\/webseite_2016\/#website","url":"https:\/\/gas-wasser-heizung.eu\/webseite_2016\/","name":"","description":"","potentialAction":[{"@type":"SearchAction","target":{"@type":"EntryPoint","urlTemplate":"https:\/\/gas-wasser-heizung.eu\/webseite_2016\/?s={search_term_string}"},"query-input":{"@type":"PropertyValueSpecification","valueRequired":true,"valueName":"search_term_string"}}],"inLanguage":"de"}]}},"_links":{"self":[{"href":"https:\/\/gas-wasser-heizung.eu\/webseite_2016\/wp-json\/wp\/v2\/pages\/19","targetHints":{"allow":["GET"]}}],"collection":[{"href":"https:\/\/gas-wasser-heizung.eu\/webseite_2016\/wp-json\/wp\/v2\/pages"}],"about":[{"href":"https:\/\/gas-wasser-heizung.eu\/webseite_2016\/wp-json\/wp\/v2\/types\/page"}],"author":[{"embeddable":true,"href":"https:\/\/gas-wasser-heizung.eu\/webseite_2016\/wp-json\/wp\/v2\/users\/2"}],"replies":[{"embeddable":true,"href":"https:\/\/gas-wasser-heizung.eu\/webseite_2016\/wp-json\/wp\/v2\/comments?post=19"}],"version-history":[{"count":0,"href":"https:\/\/gas-wasser-heizung.eu\/webseite_2016\/wp-json\/wp\/v2\/pages\/19\/revisions"}],"wp:attachment":[{"href":"https:\/\/gas-wasser-heizung.eu\/webseite_2016\/wp-json\/wp\/v2\/media?parent=19"}],"curies":[{"name":"wp","href":"https:\/\/api.w.org\/{rel}","templated":true}]}}