{"id":10,"date":"2016-06-13T15:09:55","date_gmt":"2016-06-13T13:09:55","guid":{"rendered":"http:\/\/gas-wasser-heizung.eu\/?page_id=10"},"modified":"2016-07-22T16:44:14","modified_gmt":"2016-07-22T14:44:14","slug":"solar","status":"publish","type":"page","link":"https:\/\/gas-wasser-heizung.eu\/webseite_2016\/solar\/","title":{"rendered":"F\u00fcr ein warmes Zuhause sorgen erneuerbare Energien"},"content":{"rendered":"<p>Die Wohn-Nebenkosten sind zu einem der gr\u00f6\u00dften Kostenfaktoren geworden. Gerade beim Heizen machen sich die steigenden \u00d6l- und Gaspreise bemerkbar. Mit einer Solarthermieanlage, einer Photovoltaikanlage, einer Holzpelletheizung oder einer W\u00e4rmepumpe werden Ein- und Mehrfamilienh\u00e4user unabh\u00e4ngig von fossilen Brennstoffen.<br \/>\nSo erreicht man eine Absicherung gegen immer h\u00f6here Kosten.<\/p>\n<p>Noch sind Heizungsanlagen auf Basis erneuerbarer Energien in der Anschaffung teurer als eine konventionelle Anlage. Steigende \u00d6l- bzw. Gaspreise sorgen jedoch daf\u00fcr, dass \u00fcber die Laufzeit der Heizung gerechnet erneuerbare W\u00e4rme weniger kostet. So ist es schon heute schon g\u00fcnstiger, mit erneuerbaren Energien zu heizen.<br \/>\nSie tragen damit auch zum Klima- und Umweltschutz bei.<\/p>\n<p>Die enorme Kraft der Sonne kann vielf\u00e4ltig genutzt werden, z. B. zur Heizungsunterst\u00fctzung, Warmwasserbereitung oder zur reinen Stromerzeugung.<\/p>\n<p>Wir helfen Ihnen gerne, die individuelle und f\u00fcr Sie richtige L\u00f6sung zu finden.<\/p>\n<h3>Solarthermie<\/h3>\n<p><img loading=\"lazy\" decoding=\"async\" class=\"alignright size-medium wp-image-70\" src=\"https:\/\/gas-wasser-heizung.eu\/webseite_2016\/wp-content\/uploads\/solarthermie-300x212.jpg\" alt=\"fotolia_24049631\" width=\"300\" height=\"212\" \/>Eine weitverbreitete M\u00f6glichkeit zur Nutzung der Sonnenw\u00e4rme sind solarthermische Anlagen. Mit ihrer Hilfe wird Wasser erw\u00e4rmt und im Warmwasserspeicher gespeichert. Zus\u00e4tzlich kann man die Sonnenw\u00e4rme auch zur Unterst\u00fctzung der Raumheizung nutzen, meist in Kombination mit dem bestehenden Heizkessel.<br \/>\nSo paradox es klingt: Solarthermie kann auch zum K\u00fchlen genutzt werden.<\/p>\n","protected":false},"excerpt":{"rendered":"<p>Die Wohn-Nebenkosten sind zu einem der gr\u00f6\u00dften Kostenfaktoren geworden. Gerade beim Heizen machen sich die steigenden \u00d6l- und Gaspreise bemerkbar. Mit einer Solarthermieanlage, einer Photovoltaikanlage, einer Holzpelletheizung oder einer W\u00e4rmepumpe werden Ein- und Mehrfamilienh\u00e4user unabh\u00e4ngig von fossilen Brennstoffen. So erreicht man eine Absicherung gegen immer h\u00f6here Kosten. Noch sind Heizungsanlagen auf Basis erneuerbarer Energien in [&hellip;]<\/p>\n","protected":false},"author":2,"featured_media":137,"parent":0,"menu_order":0,"comment_status":"closed","ping_status":"closed","template":"","meta":{"footnotes":""},"class_list":["post-10","page","type-page","status-publish","has-post-thumbnail","hentry"],"yoast_head":"<!-- This site is optimized with the Yoast SEO plugin v26.7 - https:\/\/yoast.com\/wordpress\/plugins\/seo\/ -->\n<title>F\u00fcr ein warmes Zuhause sorgen erneuerbare Energien -<\/title>\n<meta name=\"robots\" content=\"index, follow, max-snippet:-1, max-image-preview:large, max-video-preview:-1\" \/>\n<link rel=\"canonical\" href=\"https:\/\/gas-wasser-heizung.eu\/webseite_2016\/solar\/\" \/>\n<meta property=\"og:locale\" content=\"de_DE\" \/>\n<meta property=\"og:type\" content=\"article\" \/>\n<meta property=\"og:title\" content=\"F\u00fcr ein warmes Zuhause sorgen erneuerbare Energien -\" \/>\n<meta property=\"og:description\" content=\"Die Wohn-Nebenkosten sind zu einem der gr\u00f6\u00dften Kostenfaktoren geworden. Gerade beim Heizen machen sich die steigenden \u00d6l- und Gaspreise bemerkbar. Mit einer Solarthermieanlage, einer Photovoltaikanlage, einer Holzpelletheizung oder einer W\u00e4rmepumpe werden Ein- und Mehrfamilienh\u00e4user unabh\u00e4ngig von fossilen Brennstoffen. So erreicht man eine Absicherung gegen immer h\u00f6here Kosten. Noch sind Heizungsanlagen auf Basis erneuerbarer Energien in [&hellip;]\" \/>\n<meta property=\"og:url\" content=\"https:\/\/gas-wasser-heizung.eu\/webseite_2016\/solar\/\" \/>\n<meta property=\"article:modified_time\" content=\"2016-07-22T14:44:14+00:00\" \/>\n<meta property=\"og:image\" content=\"https:\/\/gas-wasser-heizung.eu\/webseite_2016\/wp-content\/uploads\/solar.jpg\" \/>\n\t<meta property=\"og:image:width\" content=\"1797\" \/>\n\t<meta property=\"og:image:height\" content=\"647\" \/>\n\t<meta property=\"og:image:type\" content=\"image\/jpeg\" \/>\n<meta name=\"twitter:card\" content=\"summary_large_image\" \/>\n<meta name=\"twitter:label1\" content=\"Gesch\u00e4tzte Lesezeit\" \/>\n\t<meta name=\"twitter:data1\" content=\"1\u00a0Minute\" \/>\n<script type=\"application\/ld+json\" class=\"yoast-schema-graph\">{\"@context\":\"https:\/\/schema.org\",\"@graph\":[{\"@type\":\"WebPage\",\"@id\":\"https:\/\/gas-wasser-heizung.eu\/webseite_2016\/solar\/\",\"url\":\"https:\/\/gas-wasser-heizung.eu\/webseite_2016\/solar\/\",\"name\":\"F\u00fcr ein warmes Zuhause sorgen erneuerbare Energien -\",\"isPartOf\":{\"@id\":\"https:\/\/gas-wasser-heizung.eu\/webseite_2016\/#website\"},\"primaryImageOfPage\":{\"@id\":\"https:\/\/gas-wasser-heizung.eu\/webseite_2016\/solar\/#primaryimage\"},\"image\":{\"@id\":\"https:\/\/gas-wasser-heizung.eu\/webseite_2016\/solar\/#primaryimage\"},\"thumbnailUrl\":\"https:\/\/gas-wasser-heizung.eu\/webseite_2016\/wp-content\/uploads\/solar.jpg\",\"datePublished\":\"2016-06-13T13:09:55+00:00\",\"dateModified\":\"2016-07-22T14:44:14+00:00\",\"inLanguage\":\"de\",\"potentialAction\":[{\"@type\":\"ReadAction\",\"target\":[\"https:\/\/gas-wasser-heizung.eu\/webseite_2016\/solar\/\"]}]},{\"@type\":\"ImageObject\",\"inLanguage\":\"de\",\"@id\":\"https:\/\/gas-wasser-heizung.eu\/webseite_2016\/solar\/#primaryimage\",\"url\":\"https:\/\/gas-wasser-heizung.eu\/webseite_2016\/wp-content\/uploads\/solar.jpg\",\"contentUrl\":\"https:\/\/gas-wasser-heizung.eu\/webseite_2016\/wp-content\/uploads\/solar.jpg\",\"width\":1797,\"height\":647,\"caption\":\"Dach mit Solarzellen\"},{\"@type\":\"WebSite\",\"@id\":\"https:\/\/gas-wasser-heizung.eu\/webseite_2016\/#website\",\"url\":\"https:\/\/gas-wasser-heizung.eu\/webseite_2016\/\",\"name\":\"\",\"description\":\"\",\"potentialAction\":[{\"@type\":\"SearchAction\",\"target\":{\"@type\":\"EntryPoint\",\"urlTemplate\":\"https:\/\/gas-wasser-heizung.eu\/webseite_2016\/?s={search_term_string}\"},\"query-input\":{\"@type\":\"PropertyValueSpecification\",\"valueRequired\":true,\"valueName\":\"search_term_string\"}}],\"inLanguage\":\"de\"}]}<\/script>\n<!-- \/ Yoast SEO plugin. -->","yoast_head_json":{"title":"F\u00fcr ein warmes Zuhause sorgen erneuerbare Energien -","robots":{"index":"index","follow":"follow","max-snippet":"max-snippet:-1","max-image-preview":"max-image-preview:large","max-video-preview":"max-video-preview:-1"},"canonical":"https:\/\/gas-wasser-heizung.eu\/webseite_2016\/solar\/","og_locale":"de_DE","og_type":"article","og_title":"F\u00fcr ein warmes Zuhause sorgen erneuerbare Energien -","og_description":"Die Wohn-Nebenkosten sind zu einem der gr\u00f6\u00dften Kostenfaktoren geworden. Gerade beim Heizen machen sich die steigenden \u00d6l- und Gaspreise bemerkbar. Mit einer Solarthermieanlage, einer Photovoltaikanlage, einer Holzpelletheizung oder einer W\u00e4rmepumpe werden Ein- und Mehrfamilienh\u00e4user unabh\u00e4ngig von fossilen Brennstoffen. So erreicht man eine Absicherung gegen immer h\u00f6here Kosten. Noch sind Heizungsanlagen auf Basis erneuerbarer Energien in [&hellip;]","og_url":"https:\/\/gas-wasser-heizung.eu\/webseite_2016\/solar\/","article_modified_time":"2016-07-22T14:44:14+00:00","og_image":[{"width":1797,"height":647,"url":"https:\/\/gas-wasser-heizung.eu\/webseite_2016\/wp-content\/uploads\/solar.jpg","type":"image\/jpeg"}],"twitter_card":"summary_large_image","twitter_misc":{"Gesch\u00e4tzte Lesezeit":"1\u00a0Minute"},"schema":{"@context":"https:\/\/schema.org","@graph":[{"@type":"WebPage","@id":"https:\/\/gas-wasser-heizung.eu\/webseite_2016\/solar\/","url":"https:\/\/gas-wasser-heizung.eu\/webseite_2016\/solar\/","name":"F\u00fcr ein warmes Zuhause sorgen erneuerbare Energien -","isPartOf":{"@id":"https:\/\/gas-wasser-heizung.eu\/webseite_2016\/#website"},"primaryImageOfPage":{"@id":"https:\/\/gas-wasser-heizung.eu\/webseite_2016\/solar\/#primaryimage"},"image":{"@id":"https:\/\/gas-wasser-heizung.eu\/webseite_2016\/solar\/#primaryimage"},"thumbnailUrl":"https:\/\/gas-wasser-heizung.eu\/webseite_2016\/wp-content\/uploads\/solar.jpg","datePublished":"2016-06-13T13:09:55+00:00","dateModified":"2016-07-22T14:44:14+00:00","inLanguage":"de","potentialAction":[{"@type":"ReadAction","target":["https:\/\/gas-wasser-heizung.eu\/webseite_2016\/solar\/"]}]},{"@type":"ImageObject","inLanguage":"de","@id":"https:\/\/gas-wasser-heizung.eu\/webseite_2016\/solar\/#primaryimage","url":"https:\/\/gas-wasser-heizung.eu\/webseite_2016\/wp-content\/uploads\/solar.jpg","contentUrl":"https:\/\/gas-wasser-heizung.eu\/webseite_2016\/wp-content\/uploads\/solar.jpg","width":1797,"height":647,"caption":"Dach mit Solarzellen"},{"@type":"WebSite","@id":"https:\/\/gas-wasser-heizung.eu\/webseite_2016\/#website","url":"https:\/\/gas-wasser-heizung.eu\/webseite_2016\/","name":"","description":"","potentialAction":[{"@type":"SearchAction","target":{"@type":"EntryPoint","urlTemplate":"https:\/\/gas-wasser-heizung.eu\/webseite_2016\/?s={search_term_string}"},"query-input":{"@type":"PropertyValueSpecification","valueRequired":true,"valueName":"search_term_string"}}],"inLanguage":"de"}]}},"_links":{"self":[{"href":"https:\/\/gas-wasser-heizung.eu\/webseite_2016\/wp-json\/wp\/v2\/pages\/10","targetHints":{"allow":["GET"]}}],"collection":[{"href":"https:\/\/gas-wasser-heizung.eu\/webseite_2016\/wp-json\/wp\/v2\/pages"}],"about":[{"href":"https:\/\/gas-wasser-heizung.eu\/webseite_2016\/wp-json\/wp\/v2\/types\/page"}],"author":[{"embeddable":true,"href":"https:\/\/gas-wasser-heizung.eu\/webseite_2016\/wp-json\/wp\/v2\/users\/2"}],"replies":[{"embeddable":true,"href":"https:\/\/gas-wasser-heizung.eu\/webseite_2016\/wp-json\/wp\/v2\/comments?post=10"}],"version-history":[{"count":0,"href":"https:\/\/gas-wasser-heizung.eu\/webseite_2016\/wp-json\/wp\/v2\/pages\/10\/revisions"}],"wp:featuredmedia":[{"embeddable":true,"href":"https:\/\/gas-wasser-heizung.eu\/webseite_2016\/wp-json\/wp\/v2\/media\/137"}],"wp:attachment":[{"href":"https:\/\/gas-wasser-heizung.eu\/webseite_2016\/wp-json\/wp\/v2\/media?parent=10"}],"curies":[{"name":"wp","href":"https:\/\/api.w.org\/{rel}","templated":true}]}}